{"id":9,"date":"2023-11-28T18:15:16","date_gmt":"2023-11-28T18:15:16","guid":{"rendered":"https:\/\/ficson.com\/?page_id=9"},"modified":"2024-01-04T20:41:40","modified_gmt":"2024-01-04T20:41:40","slug":"sitio-en-construccion","status":"publish","type":"page","link":"https:\/\/ficson.com\/","title":{"rendered":"Sitio en construcci\u00f3n"},"content":{"rendered":"\n<figure class=\"wp-block-image aligncenter size-full\"><img loading=\"lazy\" decoding=\"async\" width=\"1261\" height=\"495\" src=\"http:\/\/ficson.com\/wp-content\/uploads\/2024\/01\/homepage_dummy.png\" alt=\"dummy\" class=\"wp-image-33\" srcset=\"https:\/\/ficson.com\/wp-content\/uploads\/2024\/01\/homepage_dummy.png 1261w, https:\/\/ficson.com\/wp-content\/uploads\/2024\/01\/homepage_dummy-300x118.png 300w, https:\/\/ficson.com\/wp-content\/uploads\/2024\/01\/homepage_dummy-1024x402.png 1024w, https:\/\/ficson.com\/wp-content\/uploads\/2024\/01\/homepage_dummy-768x301.png 768w\" sizes=\"(max-width: 1261px) 100vw, 1261px\" \/><\/figure>\n\n\n\n<div class=\"wp-block-group is-layout-constrained wp-block-group-is-layout-constrained\">\n<div class=\"wp-block-columns is-layout-flex wp-container-core-columns-layout-3 wp-block-columns-is-layout-flex\" style=\"border-style:none;border-width:0px;margin-top:0;margin-bottom:0;padding-top:0;padding-bottom:0\">\n<div class=\"wp-block-column has-ast-global-color-5-color has-text-color has-background has-link-color wp-elements-89c9e9bf64295ee6e426689e8bd44cfd is-layout-flow wp-container-core-column-layout-1 wp-block-column-is-layout-flow\" style=\"border-style:none;border-width:0px;background-color:#b5b5b5;padding-top:var(--wp--preset--spacing--40);padding-right:var(--wp--preset--spacing--50);padding-bottom:var(--wp--preset--spacing--40);padding-left:var(--wp--preset--spacing--50)\">\n<p class=\"has-white-color has-text-color has-link-color wp-elements-b9bf7d05ad87e0af9c83405d9251fa34\">Misi\u00f3n<\/p>\n\n\n\n<p class=\"has-white-color has-text-color has-link-color has-small-font-size wp-elements-1838160860200f5146b62c48e8d1f543\"><img loading=\"lazy\" decoding=\"async\" width=\"76\" height=\"79\" class=\"wp-image-37\" style=\"width: 25%; float:left;\" src=\"http:\/\/ficson.com\/wp-content\/uploads\/2024\/01\/img_mision.png\" alt=\"Misi\u00f3n\"><strong>Lorem Ipsum<\/strong>&nbsp;es simplemente el texto de relleno de las imprentas y archivos de texto. Lorem Ipsum ha sido el texto de relleno est\u00e1ndar de las industrias desde el a\u00f1o 1500, cuando un impresor (N. del T. persona que se dedica a la imprenta) desconocido us\u00f3 una galer\u00eda de textos y los mezcl\u00f3 de tal manera que logr\u00f3 hacer un libro de textos especimen.<\/p>\n\n\n\n<p class=\"has-white-color has-text-color has-link-color wp-elements-c8d64188fb19772510cd87b835625956\">M\u00e1s informaci\u00f3n ><\/p>\n<\/div>\n\n\n\n<div class=\"wp-block-column is-vertically-aligned-top has-background is-layout-flow wp-block-column-is-layout-flow\" style=\"background-color:#85ae35;padding-top:var(--wp--preset--spacing--40);padding-right:var(--wp--preset--spacing--50);padding-bottom:var(--wp--preset--spacing--40);padding-left:var(--wp--preset--spacing--50)\">\n<p class=\"has-ast-global-color-5-color has-text-color has-link-color wp-elements-b8624c4217f79102b0ae314f7c29be6b\">Visi\u00f3n<\/p>\n\n\n\n<div class=\"wp-block-columns is-not-stacked-on-mobile is-layout-flex wp-container-core-columns-layout-1 wp-block-columns-is-layout-flex\">\n<div class=\"wp-block-column is-layout-flow wp-container-core-column-layout-2 wp-block-column-is-layout-flow\" style=\"padding-top:0;padding-bottom:0;flex-basis:25%\">\n<figure class=\"wp-block-image size-full\"><img loading=\"lazy\" decoding=\"async\" width=\"74\" height=\"77\" src=\"https:\/\/ficson.com\/wp-content\/uploads\/2024\/01\/img_vision.png\" alt=\"\" class=\"wp-image-38\"\/><\/figure>\n<\/div>\n\n\n\n<div class=\"wp-block-column is-layout-flow wp-block-column-is-layout-flow\" style=\"flex-basis:75%\">\n<p class=\"has-ast-global-color-5-color has-text-color has-link-color has-small-font-size wp-elements-0783bb67ed1c77d2587ff3b1d8bc9aa4\"><strong>Lorem Ipsum<\/strong>\u00a0es simplemente el texto de relleno de las imprentas y archivos de texto. Lorem Ipsum ha sido el texto de relleno est\u00e1ndar de las industrias desde el a\u00f1o 1500, cuando un impresor (N. del T. persona que se dedica a la imprenta) desconocido us\u00f3 una galer\u00eda de textos y los mezcl\u00f3 de tal manera que logr\u00f3 hacer un libro de textos especimen.<\/p>\n<\/div>\n<\/div>\n\n\n\n<p class=\"has-white-color has-text-color has-link-color wp-elements-c8d64188fb19772510cd87b835625956\">M\u00e1s informaci\u00f3n ><\/p>\n<\/div>\n\n\n\n<div class=\"wp-block-column has-background is-layout-flow wp-block-column-is-layout-flow\" style=\"background-color:#005a2f;padding-top:var(--wp--preset--spacing--40);padding-right:var(--wp--preset--spacing--50);padding-bottom:var(--wp--preset--spacing--40);padding-left:var(--wp--preset--spacing--50)\">\n<div class=\"wp-block-columns is-not-stacked-on-mobile is-layout-flex wp-container-core-columns-layout-2 wp-block-columns-is-layout-flex\">\n<div class=\"wp-block-column is-vertically-aligned-center is-layout-flow wp-block-column-is-layout-flow\" style=\"flex-basis:25%\">\n<figure class=\"wp-block-image size-full is-resized has-custom-border\"><img loading=\"lazy\" decoding=\"async\" width=\"71\" height=\"77\" src=\"https:\/\/ficson.com\/wp-content\/uploads\/2024\/01\/img_calidad.png\" alt=\"\" class=\"wp-image-39\" style=\"border-style:none;border-width:0px;width:70px;height:auto\"\/><\/figure>\n<\/div>\n\n\n\n<div class=\"wp-block-column is-layout-flow wp-block-column-is-layout-flow\" style=\"flex-basis:75%\">\n<p class=\"has-ast-global-color-5-color has-text-color has-link-color wp-elements-9c701ae1ea57d62f8440ea330f660bc6\">Calidad<\/p>\n\n\n\n<p class=\"has-ast-global-color-5-color has-text-color has-link-color has-small-font-size wp-elements-0783bb67ed1c77d2587ff3b1d8bc9aa4\"><strong>Lorem Ipsum<\/strong>\u00a0es simplemente el texto de relleno de las imprentas y archivos de texto. Lorem Ipsum ha sido el texto de relleno est\u00e1ndar de las industrias desde el a\u00f1o 1500, cuando un impresor (N. del T. persona que se dedica a la imprenta) desconocido us\u00f3 una galer\u00eda de textos y los mezcl\u00f3 de tal manera que logr\u00f3 hacer un libro de textos especimen.<\/p>\n\n\n\n<p class=\"has-ast-global-color-5-color has-text-color has-link-color has-small-font-size wp-elements-583ac606f7fcb9def938c260f36b6e28\"><strong>M\u00e1s informaci\u00f3n ><\/strong><\/p>\n<\/div>\n<\/div>\n<\/div>\n<\/div>\n<\/div>\n","protected":false},"excerpt":{"rendered":"<p>Misi\u00f3n Lorem Ipsum&nbsp;es simplemente el texto de relleno de las imprentas y archivos de texto. Lorem Ipsum ha sido el texto de relleno est\u00e1ndar de las industrias desde el a\u00f1o 1500, cuando un impresor (N. del T. persona que se dedica a la imprenta) desconocido us\u00f3 una galer\u00eda de textos y los mezcl\u00f3 de tal &hellip;<\/p>\n<p class=\"read-more\"> <a class=\"\" href=\"https:\/\/ficson.com\/\"> <span class=\"screen-reader-text\">Sitio en construcci\u00f3n<\/span> Leer m\u00e1s &raquo;<\/a><\/p>\n","protected":false},"author":1,"featured_media":0,"parent":0,"menu_order":0,"comment_status":"closed","ping_status":"closed","template":"","meta":{"om_disable_all_campaigns":false,"_monsterinsights_skip_tracking":false,"_monsterinsights_sitenote_active":false,"_monsterinsights_sitenote_note":"","_monsterinsights_sitenote_category":0,"site-sidebar-layout":"default","site-content-layout":"","ast-site-content-layout":"","site-content-style":"default","site-sidebar-style":"default","ast-global-header-display":"","ast-banner-title-visibility":"","ast-main-header-display":"","ast-hfb-above-header-display":"","ast-hfb-below-header-display":"","ast-hfb-mobile-header-display":"","site-post-title":"disabled","ast-breadcrumbs-content":"","ast-featured-img":"","footer-sml-layout":"","theme-transparent-header-meta":"","adv-header-id-meta":"","stick-header-meta":"","header-above-stick-meta":"","header-main-stick-meta":"","header-below-stick-meta":"","astra-migrate-meta-layouts":"","ast-page-background-enabled":"default","ast-page-background-meta":{"desktop":{"background-color":"var(--ast-global-color-4)","background-image":"","background-repeat":"repeat","background-position":"center center","background-size":"auto","background-attachment":"scroll","background-type":"","background-media":"","overlay-type":"","overlay-color":"","overlay-gradient":""},"tablet":{"background-color":"","background-image":"","background-repeat":"repeat","background-position":"center center","background-size":"auto","background-attachment":"scroll","background-type":"","background-media":"","overlay-type":"","overlay-color":"","overlay-gradient":""},"mobile":{"background-color":"","background-image":"","background-repeat":"repeat","background-position":"center center","background-size":"auto","background-attachment":"scroll","background-type":"","background-media":"","overlay-type":"","overlay-color":"","overlay-gradient":""}},"ast-content-background-meta":{"desktop":{"background-color":"var(--ast-global-color-5)","background-image":"","background-repeat":"repeat","background-position":"center center","background-size":"auto","background-attachment":"scroll","background-type":"","background-media":"","overlay-type":"","overlay-color":"","overlay-gradient":""},"tablet":{"background-color":"var(--ast-global-color-5)","background-image":"","background-repeat":"repeat","background-position":"center center","background-size":"auto","background-attachment":"scroll","background-type":"","background-media":"","overlay-type":"","overlay-color":"","overlay-gradient":""},"mobile":{"background-color":"var(--ast-global-color-5)","background-image":"","background-repeat":"repeat","background-position":"center center","background-size":"auto","background-attachment":"scroll","background-type":"","background-media":"","overlay-type":"","overlay-color":"","overlay-gradient":""}},"footnotes":""},"aioseo_notices":[],"_links":{"self":[{"href":"https:\/\/ficson.com\/index.php\/wp-json\/wp\/v2\/pages\/9"}],"collection":[{"href":"https:\/\/ficson.com\/index.php\/wp-json\/wp\/v2\/pages"}],"about":[{"href":"https:\/\/ficson.com\/index.php\/wp-json\/wp\/v2\/types\/page"}],"author":[{"embeddable":true,"href":"https:\/\/ficson.com\/index.php\/wp-json\/wp\/v2\/users\/1"}],"replies":[{"embeddable":true,"href":"https:\/\/ficson.com\/index.php\/wp-json\/wp\/v2\/comments?post=9"}],"version-history":[{"count":6,"href":"https:\/\/ficson.com\/index.php\/wp-json\/wp\/v2\/pages\/9\/revisions"}],"predecessor-version":[{"id":40,"href":"https:\/\/ficson.com\/index.php\/wp-json\/wp\/v2\/pages\/9\/revisions\/40"}],"wp:attachment":[{"href":"https:\/\/ficson.com\/index.php\/wp-json\/wp\/v2\/media?parent=9"}],"curies":[{"name":"wp","href":"https:\/\/api.w.org\/{rel}","templated":true}]}}